{"id":241,"date":"2023-11-08T13:51:06","date_gmt":"2023-11-08T16:51:06","guid":{"rendered":"https:\/\/beta.tesouroverde.global\/?page_id=241"},"modified":"2025-09-26T13:03:09","modified_gmt":"2025-09-26T16:03:09","slug":"ccrb","status":"publish","type":"page","link":"https:\/\/tesouroverde.global\/index.php\/ccrb\/","title":{"rendered":"CCRB"},"content":{"rendered":"\t\t<div data-elementor-type=\"wp-page\" data-elementor-id=\"241\" class=\"elementor elementor-241\" data-elementor-post-type=\"page\">\n\t\t\t\t<div class=\"elementor-element elementor-element-70472d0 e-flex e-con-boxed e-con e-parent\" data-id=\"70472d0\" data-element_type=\"container\" data-settings=\"{&quot;background_background&quot;:&quot;classic&quot;}\">\n\t\t\t\t\t<div class=\"e-con-inner\">\n\t\t\t\t<div class=\"elementor-element elementor-element-b6dd940 elementor-widget elementor-widget-image\" data-id=\"b6dd940\" data-element_type=\"widget\" data-widget_type=\"image.default\">\n\t\t\t\t<div class=\"elementor-widget-container\">\n\t\t\t<style>\/*! elementor - v3.23.0 - 05-08-2024 *\/\n.elementor-widget-image{text-align:center}.elementor-widget-image a{display:inline-block}.elementor-widget-image a img[src$=\".svg\"]{width:48px}.elementor-widget-image img{vertical-align:middle;display:inline-block}<\/style>\t\t\t\t\t\t\t\t\t\t<img fetchpriority=\"high\" decoding=\"async\" width=\"546\" height=\"116\" src=\"https:\/\/tesouroverde.global\/wp-content\/uploads\/2023\/11\/CCRB.svg\" class=\"attachment-large size-large wp-image-300\" alt=\"\" \/>\t\t\t\t\t\t\t\t\t\t\t\t\t<\/div>\n\t\t\t\t<\/div>\n\t\t\t\t\t<\/div>\n\t\t\t\t<\/div>\n\t\t<div class=\"elementor-element elementor-element-9151726 e-flex e-con-boxed e-con e-parent\" data-id=\"9151726\" data-element_type=\"container\">\n\t\t\t\t\t<div class=\"e-con-inner\">\n\t\t\t\t<div class=\"elementor-element elementor-element-9b95abc elementor-widget elementor-widget-spacer\" data-id=\"9b95abc\" data-element_type=\"widget\" data-widget_type=\"spacer.default\">\n\t\t\t\t<div class=\"elementor-widget-container\">\n\t\t\t<style>\/*! elementor - v3.23.0 - 05-08-2024 *\/\n.elementor-column .elementor-spacer-inner{height:var(--spacer-size)}.e-con{--container-widget-width:100%}.e-con-inner>.elementor-widget-spacer,.e-con>.elementor-widget-spacer{width:var(--container-widget-width,var(--spacer-size));--align-self:var(--container-widget-align-self,initial);--flex-shrink:0}.e-con-inner>.elementor-widget-spacer>.elementor-widget-container,.e-con>.elementor-widget-spacer>.elementor-widget-container{height:100%;width:100%}.e-con-inner>.elementor-widget-spacer>.elementor-widget-container>.elementor-spacer,.e-con>.elementor-widget-spacer>.elementor-widget-container>.elementor-spacer{height:100%}.e-con-inner>.elementor-widget-spacer>.elementor-widget-container>.elementor-spacer>.elementor-spacer-inner,.e-con>.elementor-widget-spacer>.elementor-widget-container>.elementor-spacer>.elementor-spacer-inner{height:var(--container-widget-height,var(--spacer-size))}.e-con-inner>.elementor-widget-spacer.elementor-widget-empty,.e-con>.elementor-widget-spacer.elementor-widget-empty{position:relative;min-height:22px;min-width:22px}.e-con-inner>.elementor-widget-spacer.elementor-widget-empty .elementor-widget-empty-icon,.e-con>.elementor-widget-spacer.elementor-widget-empty .elementor-widget-empty-icon{position:absolute;top:0;bottom:0;left:0;right:0;margin:auto;padding:0;width:22px;height:22px}<\/style>\t\t<div class=\"elementor-spacer\">\n\t\t\t<div class=\"elementor-spacer-inner\"><\/div>\n\t\t<\/div>\n\t\t\t\t<\/div>\n\t\t\t\t<\/div>\n\t\t\t\t<div class=\"elementor-element elementor-element-f0eaa3c elementor-widget elementor-widget-text-editor\" data-id=\"f0eaa3c\" data-element_type=\"widget\" data-widget_type=\"text-editor.default\">\n\t\t\t\t<div class=\"elementor-widget-container\">\n\t\t\t<style>\/*! elementor - v3.23.0 - 05-08-2024 *\/\n.elementor-widget-text-editor.elementor-drop-cap-view-stacked .elementor-drop-cap{background-color:#69727d;color:#fff}.elementor-widget-text-editor.elementor-drop-cap-view-framed .elementor-drop-cap{color:#69727d;border:3px solid;background-color:transparent}.elementor-widget-text-editor:not(.elementor-drop-cap-view-default) .elementor-drop-cap{margin-top:8px}.elementor-widget-text-editor:not(.elementor-drop-cap-view-default) .elementor-drop-cap-letter{width:1em;height:1em}.elementor-widget-text-editor .elementor-drop-cap{float:left;text-align:center;line-height:1;font-size:50px}.elementor-widget-text-editor .elementor-drop-cap-letter{display:inline-block}<\/style>\t\t\t\t<div class=\"col-lg-8 b-md-l order-lg-2\">\n<h5 class=\"bold\"><strong>C\u00e2mara do Com\u00e9rcio da Regi\u00e3o das Beiras<\/strong><\/h5>\n<p class=\"text-justify text-indent\">Consciente das severas altera\u00e7\u00f5es do clima provocadas pela atividade humana, o Programa Tesouro Verde assume hoje um papel fundamental na manuten\u00e7\u00e3o do futuro da humanidade, contribuindo tamb\u00e9m para uma melhor qualidade de vida das gera\u00e7\u00f5es futuras. Atrav\u00e9s deste Programa, levamos \u00e0s empresas e \u00e0 sociedade a moeda verde da conserva\u00e7\u00e3o de florestas e a mentoria de utiliza\u00e7\u00e3o em produtos e servi\u00e7os, atrav\u00e9s da qualifica\u00e7\u00e3o ESG, por meio do Selo Tesouro Verde.<\/p>\n<p class=\"text-justify text-indent\">A preocupa\u00e7\u00e3o central est\u00e1 em combater os efeitos das altera\u00e7\u00f5es do clima a n\u00edvel global, como a intensifica\u00e7\u00e3o dos processos de aquecimento global, a diminui\u00e7\u00e3o da biodiversidade e diversos desastres ambientais pelo mundo.<\/p>\n<p class=\"text-justify text-indent\">\u00c0 medida que os impactos das mudan\u00e7as clim\u00e1ticas se intensificam em todo o planeta, a mensagem difundida pela comunidade cient\u00edfica \u00e9 a de que precisamos mudar os processos produtivos e conservar a biodiversidade urgentemente!<\/p>\n<p class=\"text-justify text-indent\">Somente atrav\u00e9s de uma mudan\u00e7a radical de paradigmas em todo o sistema de produ\u00e7\u00e3o, consumo e estilo de vida, poderemos evitar o desastre clim\u00e1tico. O Selo Tesouro Verde, al\u00e9m de um atestado de atitude aderente aos crit\u00e9rios de Sustentabilidade Ambiental, Social e de Governan\u00e7a, promove o bem a todos e traz ganhos financeiros.<\/p>\n<p class=\"text-justify text-indent\">Este Selo destaca-se por ser uma credencial de estrat\u00e9gia Ambiental, Social e de Governan\u00e7a emitida pela Plataforma Tesouro Verde \u00e0s empresas para compensar o impacto ambiental das suas atividades pela aquisi\u00e7\u00e3o das Unidades de Cr\u00e9dito de Sustentabilidade &#8211; UCS nos moldes do Programa, reconhecida por entes p\u00fablicos e pelo mercado.<\/p>\n<p class=\"text-justify text-indent\">Ao adquirir a UCS, a receita converte-se em remunera\u00e7\u00e3o \u00e0s entidades privadas e p\u00fablicas que se dedicaram \u00e0 preserva\u00e7\u00e3o de floresta em diversas regi\u00f5es do Brasil, possibilitando o retorno social e financeiro atrav\u00e9s das riquezas naturais protegidas e preservadas.<\/p>\n<p class=\"text-justify text-indent\">O Tesouro Verde proporciona \u00e0 sociedade e \u00e0s empresas parceiras ampliarem o seu desempenho a partir do seu envolvimento na sustentabilidade, oferecendo aos seus clientes produtos e servi\u00e7os que preservam a floresta e promovem desenvolvimento socioambiental.<\/p>\n<p class=\"text-justify text-indent\">A C\u00e2mara do Com\u00e9rcio da Regi\u00e3o das Beiras, nasceu da necessidade de promover fora das fronteiras portuguesas o que de melhor se produz e o melhor que Portugal tem para oferecer. A CCRBeiras abrange a Beira Interior e a Beira Litoral, tendo a margem norte do rio Tejo a limitar a zona.<\/p>\n<p class=\"text-justify text-indent\">A CCRBeiras est\u00e1 a desenvolver a coopera\u00e7\u00e3o entre empresas e empres\u00e1rios de Portugal e do Mundo, nos dom\u00ednios das parcerias comerciais de investimento e de &#8220;Joint Ventures&#8221;, atrav\u00e9s da realiza\u00e7\u00e3o de encontros, f\u00f3runs, visitas e miss\u00f5es, contribuindo com a divulga\u00e7\u00e3o e valoriza\u00e7\u00e3o de produtos e t\u00e9cnicas inovadoras bem como a difus\u00e3o de tecnologias. E tudo isso em conformidade com a nova economia verde atrav\u00e9s do Selo Sustentabilidade Tesouro Verde.<\/p>\n<\/div>\t\t\t\t\t\t<\/div>\n\t\t\t\t<\/div>\n\t\t\t\t<div class=\"elementor-element elementor-element-053affd elementor-widget elementor-widget-spacer\" data-id=\"053affd\" data-element_type=\"widget\" data-widget_type=\"spacer.default\">\n\t\t\t\t<div class=\"elementor-widget-container\">\n\t\t\t\t\t<div class=\"elementor-spacer\">\n\t\t\t<div class=\"elementor-spacer-inner\"><\/div>\n\t\t<\/div>\n\t\t\t\t<\/div>\n\t\t\t\t<\/div>\n\t\t\t\t\t<\/div>\n\t\t\t\t<\/div>\n\t\t\t\t<section class=\"elementor-section elementor-top-section elementor-element elementor-element-222e862 elementor-section-boxed elementor-section-height-default elementor-section-height-default\" data-id=\"222e862\" data-element_type=\"section\" data-settings=\"{&quot;background_background&quot;:&quot;classic&quot;}\">\n\t\t\t\t\t\t<div class=\"elementor-container elementor-column-gap-default\">\n\t\t\t\t\t<div class=\"elementor-column elementor-col-100 elementor-top-column elementor-element elementor-element-071b1c2\" data-id=\"071b1c2\" data-element_type=\"column\">\n\t\t\t<div class=\"elementor-widget-wrap elementor-element-populated\">\n\t\t\t\t\t\t<div class=\"elementor-element elementor-element-7c26aeb elementor-widget elementor-widget-spacer\" data-id=\"7c26aeb\" data-element_type=\"widget\" data-widget_type=\"spacer.default\">\n\t\t\t\t<div class=\"elementor-widget-container\">\n\t\t\t\t\t<div class=\"elementor-spacer\">\n\t\t\t<div class=\"elementor-spacer-inner\"><\/div>\n\t\t<\/div>\n\t\t\t\t<\/div>\n\t\t\t\t<\/div>\n\t\t\t\t<div class=\"elementor-element elementor-element-07fb80f elementor-widget-divider--view-line elementor-widget elementor-widget-divider\" data-id=\"07fb80f\" data-element_type=\"widget\" data-widget_type=\"divider.default\">\n\t\t\t\t<div class=\"elementor-widget-container\">\n\t\t\t<style>\/*! elementor - v3.23.0 - 05-08-2024 *\/\n.elementor-widget-divider{--divider-border-style:none;--divider-border-width:1px;--divider-color:#0c0d0e;--divider-icon-size:20px;--divider-element-spacing:10px;--divider-pattern-height:24px;--divider-pattern-size:20px;--divider-pattern-url:none;--divider-pattern-repeat:repeat-x}.elementor-widget-divider .elementor-divider{display:flex}.elementor-widget-divider .elementor-divider__text{font-size:15px;line-height:1;max-width:95%}.elementor-widget-divider .elementor-divider__element{margin:0 var(--divider-element-spacing);flex-shrink:0}.elementor-widget-divider .elementor-icon{font-size:var(--divider-icon-size)}.elementor-widget-divider .elementor-divider-separator{display:flex;margin:0;direction:ltr}.elementor-widget-divider--view-line_icon .elementor-divider-separator,.elementor-widget-divider--view-line_text .elementor-divider-separator{align-items:center}.elementor-widget-divider--view-line_icon .elementor-divider-separator:after,.elementor-widget-divider--view-line_icon .elementor-divider-separator:before,.elementor-widget-divider--view-line_text .elementor-divider-separator:after,.elementor-widget-divider--view-line_text .elementor-divider-separator:before{display:block;content:\"\";border-block-end:0;flex-grow:1;border-block-start:var(--divider-border-width) var(--divider-border-style) var(--divider-color)}.elementor-widget-divider--element-align-left .elementor-divider .elementor-divider-separator>.elementor-divider__svg:first-of-type{flex-grow:0;flex-shrink:100}.elementor-widget-divider--element-align-left .elementor-divider-separator:before{content:none}.elementor-widget-divider--element-align-left .elementor-divider__element{margin-left:0}.elementor-widget-divider--element-align-right .elementor-divider .elementor-divider-separator>.elementor-divider__svg:last-of-type{flex-grow:0;flex-shrink:100}.elementor-widget-divider--element-align-right .elementor-divider-separator:after{content:none}.elementor-widget-divider--element-align-right .elementor-divider__element{margin-right:0}.elementor-widget-divider--element-align-start .elementor-divider .elementor-divider-separator>.elementor-divider__svg:first-of-type{flex-grow:0;flex-shrink:100}.elementor-widget-divider--element-align-start .elementor-divider-separator:before{content:none}.elementor-widget-divider--element-align-start .elementor-divider__element{margin-inline-start:0}.elementor-widget-divider--element-align-end .elementor-divider .elementor-divider-separator>.elementor-divider__svg:last-of-type{flex-grow:0;flex-shrink:100}.elementor-widget-divider--element-align-end .elementor-divider-separator:after{content:none}.elementor-widget-divider--element-align-end .elementor-divider__element{margin-inline-end:0}.elementor-widget-divider:not(.elementor-widget-divider--view-line_text):not(.elementor-widget-divider--view-line_icon) .elementor-divider-separator{border-block-start:var(--divider-border-width) var(--divider-border-style) var(--divider-color)}.elementor-widget-divider--separator-type-pattern{--divider-border-style:none}.elementor-widget-divider--separator-type-pattern.elementor-widget-divider--view-line .elementor-divider-separator,.elementor-widget-divider--separator-type-pattern:not(.elementor-widget-divider--view-line) .elementor-divider-separator:after,.elementor-widget-divider--separator-type-pattern:not(.elementor-widget-divider--view-line) .elementor-divider-separator:before,.elementor-widget-divider--separator-type-pattern:not([class*=elementor-widget-divider--view]) .elementor-divider-separator{width:100%;min-height:var(--divider-pattern-height);-webkit-mask-size:var(--divider-pattern-size) 100%;mask-size:var(--divider-pattern-size) 100%;-webkit-mask-repeat:var(--divider-pattern-repeat);mask-repeat:var(--divider-pattern-repeat);background-color:var(--divider-color);-webkit-mask-image:var(--divider-pattern-url);mask-image:var(--divider-pattern-url)}.elementor-widget-divider--no-spacing{--divider-pattern-size:auto}.elementor-widget-divider--bg-round{--divider-pattern-repeat:round}.rtl .elementor-widget-divider .elementor-divider__text{direction:rtl}.e-con-inner>.elementor-widget-divider,.e-con>.elementor-widget-divider{width:var(--container-widget-width,100%);--flex-grow:var(--container-widget-flex-grow)}<\/style>\t\t<div class=\"elementor-divider\">\n\t\t\t<span class=\"elementor-divider-separator\">\n\t\t\t\t\t\t<\/span>\n\t\t<\/div>\n\t\t\t\t<\/div>\n\t\t\t\t<\/div>\n\t\t\t\t<div class=\"elementor-element elementor-element-db66234 elementor-widget elementor-widget-heading\" data-id=\"db66234\" data-element_type=\"widget\" data-widget_type=\"heading.default\">\n\t\t\t\t<div class=\"elementor-widget-container\">\n\t\t\t<style>\/*! elementor - v3.23.0 - 05-08-2024 *\/\n.elementor-heading-title{padding:0;margin:0;line-height:1}.elementor-widget-heading .elementor-heading-title[class*=elementor-size-]>a{color:inherit;font-size:inherit;line-height:inherit}.elementor-widget-heading .elementor-heading-title.elementor-size-small{font-size:15px}.elementor-widget-heading .elementor-heading-title.elementor-size-medium{font-size:19px}.elementor-widget-heading .elementor-heading-title.elementor-size-large{font-size:29px}.elementor-widget-heading .elementor-heading-title.elementor-size-xl{font-size:39px}.elementor-widget-heading .elementor-heading-title.elementor-size-xxl{font-size:59px}<\/style><h2 class=\"elementor-heading-title elementor-size-default\">Adquira agora seu selo verde<\/h2>\t\t<\/div>\n\t\t\t\t<\/div>\n\t\t\t\t<div class=\"elementor-element elementor-element-93cec69 elementor-widget-divider--view-line elementor-widget elementor-widget-divider\" data-id=\"93cec69\" data-element_type=\"widget\" data-widget_type=\"divider.default\">\n\t\t\t\t<div class=\"elementor-widget-container\">\n\t\t\t\t\t<div class=\"elementor-divider\">\n\t\t\t<span class=\"elementor-divider-separator\">\n\t\t\t\t\t\t<\/span>\n\t\t<\/div>\n\t\t\t\t<\/div>\n\t\t\t\t<\/div>\n\t\t\t\t<div class=\"elementor-element elementor-element-c365091 elementor-widget elementor-widget-spacer\" data-id=\"c365091\" data-element_type=\"widget\" data-widget_type=\"spacer.default\">\n\t\t\t\t<div class=\"elementor-widget-container\">\n\t\t\t\t\t<div class=\"elementor-spacer\">\n\t\t\t<div class=\"elementor-spacer-inner\"><\/div>\n\t\t<\/div>\n\t\t\t\t<\/div>\n\t\t\t\t<\/div>\n\t\t\t\t<div class=\"elementor-element elementor-element-46627e2 elementor-widget elementor-widget-heading\" data-id=\"46627e2\" data-element_type=\"widget\" data-widget_type=\"heading.default\">\n\t\t\t\t<div class=\"elementor-widget-container\">\n\t\t\t<h2 class=\"elementor-heading-title elementor-size-default\">Aqui voc\u00ea pode solicitar seu selo de forma simples e f\u00e1cil.<br>Preencha os passos abaixo.<\/h2>\t\t<\/div>\n\t\t\t\t<\/div>\n\t\t\t\t<div class=\"elementor-element elementor-element-0e28011 elementor-widget elementor-widget-spacer\" data-id=\"0e28011\" data-element_type=\"widget\" data-widget_type=\"spacer.default\">\n\t\t\t\t<div class=\"elementor-widget-container\">\n\t\t\t\t\t<div class=\"elementor-spacer\">\n\t\t\t<div class=\"elementor-spacer-inner\"><\/div>\n\t\t<\/div>\n\t\t\t\t<\/div>\n\t\t\t\t<\/div>\n\t\t\t\t<div class=\"elementor-element elementor-element-c528311 elementor-widget elementor-widget-heading\" data-id=\"c528311\" data-element_type=\"widget\" data-widget_type=\"heading.default\">\n\t\t\t\t<div class=\"elementor-widget-container\">\n\t\t\t<h2 class=\"elementor-heading-title elementor-size-default\">Qual o seu objetivo?<\/h2>\t\t<\/div>\n\t\t\t\t<\/div>\n\t\t\t\t<div class=\"elementor-element elementor-element-e7e1a25 elementor-widget elementor-widget-spacer\" data-id=\"e7e1a25\" data-element_type=\"widget\" data-widget_type=\"spacer.default\">\n\t\t\t\t<div class=\"elementor-widget-container\">\n\t\t\t\t\t<div class=\"elementor-spacer\">\n\t\t\t<div class=\"elementor-spacer-inner\"><\/div>\n\t\t<\/div>\n\t\t\t\t<\/div>\n\t\t\t\t<\/div>\n\t\t\t\t<div class=\"elementor-element elementor-element-3e4aec3 elementor-align-center elementor-widget elementor-widget-button\" data-id=\"3e4aec3\" data-element_type=\"widget\" data-widget_type=\"button.default\">\n\t\t\t\t<div class=\"elementor-widget-container\">\n\t\t\t\t\t<div class=\"elementor-button-wrapper\">\n\t\t\t<a class=\"elementor-button elementor-button-link elementor-size-sm elementor-animation-grow\" href=\"http:\/\/app.tesouroverde.global\/#\/calculator\" target=\"_blank\">\n\t\t\t\t\t\t<span class=\"elementor-button-content-wrapper\">\n\t\t\t\t\t\t\t\t\t<span class=\"elementor-button-text\">Certifica\u00e7\u00e3o Tesouro Verde<\/span>\n\t\t\t\t\t<\/span>\n\t\t\t\t\t<\/a>\n\t\t<\/div>\n\t\t\t\t<\/div>\n\t\t\t\t<\/div>\n\t\t\t\t<div class=\"elementor-element elementor-element-fe02084 elementor-widget elementor-widget-spacer\" data-id=\"fe02084\" data-element_type=\"widget\" data-widget_type=\"spacer.default\">\n\t\t\t\t<div class=\"elementor-widget-container\">\n\t\t\t\t\t<div class=\"elementor-spacer\">\n\t\t\t<div class=\"elementor-spacer-inner\"><\/div>\n\t\t<\/div>\n\t\t\t\t<\/div>\n\t\t\t\t<\/div>\n\t\t\t\t\t<\/div>\n\t\t<\/div>\n\t\t\t\t\t<\/div>\n\t\t<\/section>\n\t\t\t\t<\/div>\n\t\t","protected":false},"excerpt":{"rendered":"<p>C\u00e2mara do Com\u00e9rcio da Regi\u00e3o das Beiras Consciente das severas altera\u00e7\u00f5es do clima provocadas pela atividade humana, o Programa Tesouro Verde assume hoje um papel fundamental na manuten\u00e7\u00e3o do futuro da humanidade, contribuindo tamb\u00e9m para uma melhor qualidade de vida das gera\u00e7\u00f5es futuras. Atrav\u00e9s deste Programa, levamos \u00e0s empresas e \u00e0 sociedade a moeda verde [&hellip;]<\/p>\n","protected":false},"author":2,"featured_media":0,"parent":0,"menu_order":0,"comment_status":"closed","ping_status":"closed","template":"bizex-template.php","meta":{"footnotes":""},"class_list":["post-241","page","type-page","status-publish","hentry"],"_links":{"self":[{"href":"https:\/\/tesouroverde.global\/index.php\/wp-json\/wp\/v2\/pages\/241","targetHints":{"allow":["GET"]}}],"collection":[{"href":"https:\/\/tesouroverde.global\/index.php\/wp-json\/wp\/v2\/pages"}],"about":[{"href":"https:\/\/tesouroverde.global\/index.php\/wp-json\/wp\/v2\/types\/page"}],"author":[{"embeddable":true,"href":"https:\/\/tesouroverde.global\/index.php\/wp-json\/wp\/v2\/users\/2"}],"replies":[{"embeddable":true,"href":"https:\/\/tesouroverde.global\/index.php\/wp-json\/wp\/v2\/comments?post=241"}],"version-history":[{"count":36,"href":"https:\/\/tesouroverde.global\/index.php\/wp-json\/wp\/v2\/pages\/241\/revisions"}],"predecessor-version":[{"id":729,"href":"https:\/\/tesouroverde.global\/index.php\/wp-json\/wp\/v2\/pages\/241\/revisions\/729"}],"wp:attachment":[{"href":"https:\/\/tesouroverde.global\/index.php\/wp-json\/wp\/v2\/media?parent=241"}],"curies":[{"name":"wp","href":"https:\/\/api.w.org\/{rel}","templated":true}]}}